{"id":2,"date":"2021-09-23T11:14:20","date_gmt":"2021-09-23T11:14:20","guid":{"rendered":"https:\/\/patria.org.br\/portaldatransparencia\/?page_id=2"},"modified":"2026-03-31T10:07:26","modified_gmt":"2026-03-31T13:07:26","slug":"sample-page","status":"publish","type":"page","link":"https:\/\/patria.org.br\/portaldatransparencia\/","title":{"rendered":"P\u00e1gina Principal"},"content":{"rendered":"<section class=\"l-section wpb_row height_medium width_full\"><div class=\"l-section-h i-cf\"><div class=\"g-cols vc_row via_grid cols_1 laptops-cols_inherit tablets-cols_inherit mobiles-cols_1 valign_top type_boxes stacking_default\" style=\"grid-gap:0rem;\"><div class=\"wpb_column vc_column_container\"><div class=\"vc_column-inner\"><div class=\"g-cols wpb_row via_grid cols_3 laptops-cols_inherit tablets-cols_inherit mobiles-cols_1 valign_top type_default stacking_default\"><div class=\"wpb_column vc_column_container\"><div class=\"vc_column-inner\"><\/div><\/div><div class=\"wpb_column vc_column_container us_custom_36ab1ce0 has_text_color has_bg_color\"><div class=\"vc_column-inner\"><div class=\"wpb_text_column us_custom_c314e366\"><div class=\"wpb_wrapper\"><p>Respons\u00e1vel pelo cumprimento das normas relativas ao acesso a informa\u00e7\u00e3o: Paulo Eduardo Santos de Moraes \/ Ger\u00eancia de Seguran\u00e7a Corporativa<br \/>\nE-mail: gsc@patria.org.br<\/p>\n<\/div><\/div><\/div><\/div><div class=\"wpb_column vc_column_container\"><div class=\"vc_column-inner\"><\/div><\/div><\/div><div class=\"w-separator size_medium\"><\/div><div class=\"g-cols wpb_row via_grid cols_4 laptops-cols_inherit tablets-cols_inherit mobiles-cols_1 valign_top type_default stacking_default\"><div class=\"wpb_column vc_column_container\"><div class=\"vc_column-inner\"><div class=\"w-btn-wrapper align_justify\"><a class=\"w-btn us-btn-style_3\" href=\"https:\/\/patria.org.br\/portaldatransparencia\/cat_pt_transp\/convenios-ativos\/\"><span class=\"w-btn-label\">Conv\u00eanios Ativos<\/span><\/a><\/div><\/div><\/div><div class=\"wpb_column vc_column_container\"><div class=\"vc_column-inner\"><div class=\"w-btn-wrapper align_justify\"><a class=\"w-btn us-btn-style_3\" href=\"https:\/\/patria.org.br\/portaldatransparencia\/cat_pt_transp\/convenios-inativos\/\"><span class=\"w-btn-label\">Conv\u00eanios Inativos<\/span><\/a><\/div><\/div><\/div><div class=\"wpb_column vc_column_container\"><div class=\"vc_column-inner\"><div class=\"w-btn-wrapper align_justify\"><a class=\"w-btn us-btn-style_3\" title=\"Ata de Conselho de Curadores\" href=\"https:\/\/patria.org.br\/portaldatransparencia\/ata-de-conselho-de-curadores\/\"><span class=\"w-btn-label\">Atas do Conselho de Curadores<\/span><\/a><\/div><\/div><\/div><div class=\"wpb_column vc_column_container\"><div class=\"vc_column-inner\"><div class=\"w-btn-wrapper align_justify\"><a class=\"w-btn us-btn-style_3\" title=\"Relat\u00f3rios de Desempenho\" href=\"https:\/\/patria.org.br\/portaldatransparencia\/relatorios-de-desempenho\/\"><span class=\"w-btn-label\">Relat\u00f3rios de Desempenho<\/span><\/a><\/div><\/div><\/div><\/div><div class=\"w-separator size_medium\"><\/div><div class=\"g-cols wpb_row via_grid cols_4 laptops-cols_inherit tablets-cols_inherit mobiles-cols_1 valign_top type_default stacking_default\"><div class=\"wpb_column vc_column_container\"><div class=\"vc_column-inner\"><div class=\"w-btn-wrapper align_justify\"><a class=\"w-btn us-btn-style_3\" title=\"Normas Internas\" href=\"https:\/\/patria.org.br\/portaldatransparencia\/normas-internas\/\"><span class=\"w-btn-label\">Normas Internas<\/span><\/a><\/div><\/div><\/div><div class=\"wpb_column vc_column_container\"><div class=\"vc_column-inner\"><div class=\"w-btn-wrapper align_justify\"><a class=\"w-btn us-btn-style_3\" title=\"Relat\u00f3rios Anuais de Auditorias Externas\" href=\"https:\/\/patria.org.br\/portaldatransparencia\/relatorios-anuais-de-auditorias-externas\/\"><span class=\"w-btn-label\">Relat\u00f3rios Anuais de Auditorias Externas<\/span><\/a><\/div><\/div><\/div><div class=\"wpb_column vc_column_container\"><div class=\"vc_column-inner\"><div class=\"w-btn-wrapper align_justify\"><a class=\"w-btn us-btn-style_3\" title=\"Relat\u00f3rios Anuais de Gest\u00e3o\" href=\"https:\/\/patria.org.br\/portaldatransparencia\/relatorios-anuais-de-gestao\/\"><span class=\"w-btn-label\">Relat\u00f3rios Anuais de Gest\u00e3o<\/span><\/a><\/div><\/div><\/div><div class=\"wpb_column vc_column_container\"><div class=\"vc_column-inner\"><div class=\"w-btn-wrapper align_justify\"><a class=\"w-btn us-btn-style_3\" title=\"Balan\u00e7o e Demonstrativos Cont\u00e1beis\" href=\"https:\/\/patria.org.br\/portaldatransparencia\/balanco-e-demonstrativos-contabeis\/\"><span class=\"w-btn-label\">Balan\u00e7o e Demonstrativos Cont\u00e1beis<\/span><\/a><\/div><\/div><\/div><\/div><div class=\"w-separator size_medium\"><\/div><div class=\"g-cols wpb_row via_grid cols_3 laptops-cols_inherit tablets-cols_inherit mobiles-cols_1 valign_top type_default stacking_default\"><div class=\"wpb_column vc_column_container\"><div class=\"vc_column-inner\"><div class=\"w-btn-wrapper align_justify\"><a class=\"w-btn us-btn-style_3\" title=\"Normas Internas\" href=\"https:\/\/patria.org.br\/portaldatransparencia\/resultado-de-pesquisa-de-avaliacao-de-clientes\/\"><span class=\"w-btn-label\">Resultado de Pesquisa de Avalia\u00e7\u00e3o de Clientes<\/span><\/a><\/div><\/div><\/div><div class=\"wpb_column vc_column_container\"><div class=\"vc_column-inner\"><div class=\"w-btn-wrapper align_justify\"><a class=\"w-btn us-btn-style_3\" title=\"Normas Internas\" href=\"https:\/\/patria.org.br\/portaldatransparencia\/atestado-de-capacidade\/\"><span class=\"w-btn-label\">Atestado de Capacidade<\/span><\/a><\/div><\/div><\/div><div class=\"wpb_column vc_column_container\"><div class=\"vc_column-inner\"><div class=\"w-btn-wrapper align_justify\"><a class=\"w-btn us-btn-style_3\" title=\"Normas Internas\" href=\"https:\/\/patria.org.br\/portaldatransparencia\/ata-de-conselho-de-curadores-2\/\"><span class=\"w-btn-label\">Documentos de Reuni\u00f5es dos Conselhos<\/span><\/a><\/div><\/div><\/div><\/div><div class=\"w-separator size_medium\"><\/div><div class=\"w-btn-wrapper align_left\"><a class=\"w-btn us-btn-style_3\" href=\"https:\/\/patria.org.br\/portaldatransparencia\/relatorios-de-transparencia-e-igualdade-salarial-de-mulheres-e-homens\/\"><span class=\"w-btn-label\">Relat\u00f3rios de Transpar\u00eancia e Igualdade Salarial de Mulheres e Homens<\/span><\/a><\/div><\/div><\/div><\/div><\/div><\/section>\n","protected":false},"excerpt":{"rendered":"Respons\u00e1vel pelo cumprimento das normas relativas ao acesso a informa\u00e7\u00e3o: Paulo Eduardo Santos de Moraes \/ Ger\u00eancia de Seguran\u00e7a Corporativa E-mail: gsc@patria.org.br Conv\u00eanios AtivosConv\u00eanios InativosAtas do Conselho de CuradoresRelat\u00f3rios de DesempenhoNormas InternasRelat\u00f3rios Anuais de Auditorias ExternasRelat\u00f3rios Anuais de Gest\u00e3oBalan\u00e7o e Demonstrativos Cont\u00e1beisResultado de Pesquisa de Avalia\u00e7\u00e3o de ClientesAtestado de CapacidadeDocumentos de Reuni\u00f5es dos ConselhosRelat\u00f3rios de...","protected":false},"author":1,"featured_media":0,"parent":0,"menu_order":0,"comment_status":"closed","ping_status":"closed","template":"","meta":{"footnotes":""},"class_list":["post-2","page","type-page","status-publish","hentry"],"_links":{"self":[{"href":"https:\/\/patria.org.br\/portaldatransparencia\/wp-json\/wp\/v2\/pages\/2","targetHints":{"allow":["GET"]}}],"collection":[{"href":"https:\/\/patria.org.br\/portaldatransparencia\/wp-json\/wp\/v2\/pages"}],"about":[{"href":"https:\/\/patria.org.br\/portaldatransparencia\/wp-json\/wp\/v2\/types\/page"}],"author":[{"embeddable":true,"href":"https:\/\/patria.org.br\/portaldatransparencia\/wp-json\/wp\/v2\/users\/1"}],"replies":[{"embeddable":true,"href":"https:\/\/patria.org.br\/portaldatransparencia\/wp-json\/wp\/v2\/comments?post=2"}],"version-history":[{"count":44,"href":"https:\/\/patria.org.br\/portaldatransparencia\/wp-json\/wp\/v2\/pages\/2\/revisions"}],"predecessor-version":[{"id":4459,"href":"https:\/\/patria.org.br\/portaldatransparencia\/wp-json\/wp\/v2\/pages\/2\/revisions\/4459"}],"wp:attachment":[{"href":"https:\/\/patria.org.br\/portaldatransparencia\/wp-json\/wp\/v2\/media?parent=2"}],"curies":[{"name":"wp","href":"https:\/\/api.w.org\/{rel}","templated":true}]}}