{"id":462,"date":"2022-10-05T08:07:40","date_gmt":"2022-10-05T11:07:40","guid":{"rendered":"https:\/\/patria.org.br\/portaldatransparencia\/?page_id=462"},"modified":"2025-12-15T16:11:16","modified_gmt":"2025-12-15T19:11:16","slug":"ata-de-conselho-de-curadores","status":"publish","type":"page","link":"https:\/\/patria.org.br\/portaldatransparencia\/ata-de-conselho-de-curadores\/","title":{"rendered":"Atas do Conselho de Curadores"},"content":{"rendered":"<section class=\"l-section wpb_row us_custom_81e2deb4 has_text_color height_medium\"><div class=\"l-section-h i-cf\"><div class=\"g-cols vc_row via_grid cols_1 laptops-cols_inherit tablets-cols_inherit mobiles-cols_1 valign_top type_default stacking_default\"><div class=\"wpb_column vc_column_container\"><div class=\"vc_column-inner\"><h2 class=\"w-post-elm post_title us_custom_55db6c80 has_text_color entry-title color_link_inherit\">Atas do Conselho de Curadores<\/h2><\/div><\/div><\/div><\/div><\/section><section class=\"l-section wpb_row height_medium width_full\"><div class=\"l-section-h i-cf\"><div class=\"g-cols vc_row via_grid cols_1 laptops-cols_inherit tablets-cols_inherit mobiles-cols_1 valign_top type_boxes stacking_default\"><div class=\"wpb_column vc_column_container\"><div class=\"vc_column-inner\"><div class=\"g-cols wpb_row via_grid cols_1 laptops-cols_inherit tablets-cols_inherit mobiles-cols_1 valign_top type_default stacking_default\"><div class=\"wpb_column vc_column_container\"><div class=\"vc_column-inner\"><div class=\"w-separator size_custom\" style=\"height:2vh\"><\/div><div class=\"w-text us_custom_0c7acffa icon_atleft\"><span class=\"w-text-h\"><i class=\"fal fa-folder-open\"><\/i><span class=\"w-text-value\">Exerc\u00edcio 2019<\/span><\/span><\/div><div class=\"w-btn-wrapper align_none\"><a class=\"w-btn us-btn-style_2 us_custom_0432f9aa icon_atright\" target=\"_blank\" href=\"https:\/\/patria.org.br\/portaldatransparencia\/wp-content\/uploads\/2022\/10\/Reuniao-Ordinaria-no-068-Data-17-de-Julho-de-2019.pdf\" rel=\"noopener\"><span class=\"w-btn-label\">Reuni\u00e3o Ordin\u00e1ria n\u00b0 068 &#8211; Data 17\/07\/2019<\/span><i class=\"fal fa-download\"><\/i><\/a><\/div><div class=\"w-btn-wrapper align_none\"><a class=\"w-btn us-btn-style_2 us_custom_0432f9aa icon_atright\" target=\"_blank\" href=\"https:\/\/patria.org.br\/portaldatransparencia\/wp-content\/uploads\/2022\/10\/Reuniao-Ordinaria-no-069-Data-13-de-Novembro-de-2019.pdf\" rel=\"noopener\"><span class=\"w-btn-label\">Reuni\u00e3o Ordin\u00e1ria n\u00b0 069 &#8211; Data 13\/11\/2019<\/span><i class=\"fal fa-download\"><\/i><\/a><\/div><div class=\"w-separator size_custom\" style=\"height:2vh\"><\/div><div class=\"w-text us_custom_0c7acffa icon_atleft\"><span class=\"w-text-h\"><i class=\"fal fa-folder-open\"><\/i><span class=\"w-text-value\">Exerc\u00edcio 2020<\/span><\/span><\/div><div class=\"w-btn-wrapper align_none\"><a class=\"w-btn us-btn-style_2 us_custom_0432f9aa icon_atright\" target=\"_blank\" href=\"https:\/\/patria.org.br\/portaldatransparencia\/wp-content\/uploads\/2022\/10\/Reuniao-Ordinaria-no-070-Data-31-de-Janeiro-de-2020.pdf\" rel=\"noopener\"><span class=\"w-btn-label\">Reuni\u00e3o Ordin\u00e1ria n\u00b0 070 &#8211; Data 31\/01\/2020<\/span><i class=\"fal fa-download\"><\/i><\/a><\/div><div class=\"w-btn-wrapper align_none\"><a class=\"w-btn us-btn-style_2 us_custom_0432f9aa icon_atright\" target=\"_blank\" href=\"https:\/\/patria.org.br\/portaldatransparencia\/wp-content\/uploads\/2022\/10\/Reuniao-Ordinaria-no-071-Data-29-de-Abril-de-2020.pdf\" rel=\"noopener\"><span class=\"w-btn-label\">Reuni\u00e3o Ordin\u00e1ria n\u00b0 071 &#8211; Data 29\/04\/2020<\/span><i class=\"fal fa-download\"><\/i><\/a><\/div><div class=\"w-btn-wrapper align_none\"><a class=\"w-btn us-btn-style_2 us_custom_0432f9aa icon_atright\" target=\"_blank\" href=\"https:\/\/patria.org.br\/portaldatransparencia\/wp-content\/uploads\/2022\/10\/Reuniao-Extraordinaria-no-072-Data-26-de-Maio-de-2020.pdf\" rel=\"noopener\"><span class=\"w-btn-label\">Reuni\u00e3o Extraordin\u00e1ria n\u00b0 072 &#8211; Data 26\/05\/2020<\/span><i class=\"fal fa-download\"><\/i><\/a><\/div><div class=\"w-btn-wrapper align_none\"><a class=\"w-btn us-btn-style_2 us_custom_0432f9aa icon_atright\" target=\"_blank\" href=\"https:\/\/patria.org.br\/portaldatransparencia\/wp-content\/uploads\/2022\/10\/Reuniao-Ordinaria-no-073-Data-20-de-Julho-de-2020.pdf\" rel=\"noopener\"><span class=\"w-btn-label\">Reuni\u00e3o Ordin\u00e1ria n\u00b0 073 &#8211; Data 20\/07\/2020<\/span><i class=\"fal fa-download\"><\/i><\/a><\/div><div class=\"w-btn-wrapper align_none\"><a class=\"w-btn us-btn-style_2 us_custom_0432f9aa icon_atright\" target=\"_blank\" href=\"https:\/\/patria.org.br\/portaldatransparencia\/wp-content\/uploads\/2022\/10\/Reuniao-Extraordinaria-no-074-Data-11-de-Setembro-de-2020.pdf\" rel=\"noopener\"><span class=\"w-btn-label\">Reuni\u00e3o Extraordin\u00e1ria n\u00b0 074 &#8211; Data 11\/09\/2020<\/span><i class=\"fal fa-download\"><\/i><\/a><\/div><div class=\"w-btn-wrapper align_none\"><a class=\"w-btn us-btn-style_2 us_custom_0432f9aa icon_atright\" target=\"_blank\" href=\"https:\/\/patria.org.br\/portaldatransparencia\/wp-content\/uploads\/2022\/10\/Reuniao-Ordinaria-no-075-Data-05-de-Novembro-de-2020.pdf\" rel=\"noopener\"><span class=\"w-btn-label\">Reuni\u00e3o Ordin\u00e1ria n\u00b0 075 &#8211; Data 05\/11\/2020<\/span><i class=\"fal fa-download\"><\/i><\/a><\/div><div class=\"w-btn-wrapper align_none\"><a class=\"w-btn us-btn-style_2 us_custom_0432f9aa icon_atright\" target=\"_blank\" href=\"https:\/\/patria.org.br\/portaldatransparencia\/wp-content\/uploads\/2022\/10\/Reuniao-Extraordinaria-no-076-Data-23-de-Novembro-de-2020.pdf\" rel=\"noopener\"><span class=\"w-btn-label\">Reuni\u00e3o Extraordin\u00e1ria n\u00b0 076 &#8211; Data 23\/11\/2020<\/span><i class=\"fal fa-download\"><\/i><\/a><\/div><div class=\"w-separator size_custom\" style=\"height:2vh\"><\/div><div class=\"w-text us_custom_0c7acffa icon_atleft\"><span class=\"w-text-h\"><i class=\"fal fa-folder-open\"><\/i><span class=\"w-text-value\">Exerc\u00edcio 2021<\/span><\/span><\/div><div class=\"w-btn-wrapper align_none\"><a class=\"w-btn us-btn-style_2 us_custom_0432f9aa icon_atright\" target=\"_blank\" href=\"https:\/\/patria.org.br\/portaldatransparencia\/wp-content\/uploads\/2022\/10\/Reuniao-Ordinaria-no-077-Data-04-de-Fevereiro-de-2021.pdf\" rel=\"noopener\"><span class=\"w-btn-label\">Reuni\u00e3o Ordin\u00e1ria n\u00b0 077 &#8211; Data 04\/02\/2021<\/span><i class=\"fal fa-download\"><\/i><\/a><\/div><div class=\"w-btn-wrapper align_none\"><a class=\"w-btn us-btn-style_2 us_custom_0432f9aa icon_atright\" target=\"_blank\" href=\"https:\/\/patria.org.br\/portaldatransparencia\/wp-content\/uploads\/2022\/10\/Reuniao-Extraordinaria-no-078-Data-30-de-Marco-de-2021.pdf\" rel=\"noopener\"><span class=\"w-btn-label\">Reuni\u00e3o Extraordin\u00e1ria n\u00b0 078 &#8211; Data 30\/03\/2021<\/span><i class=\"fal fa-download\"><\/i><\/a><\/div><div class=\"w-btn-wrapper align_none\"><a class=\"w-btn us-btn-style_2 us_custom_0432f9aa icon_atright\" target=\"_blank\" href=\"https:\/\/patria.org.br\/portaldatransparencia\/wp-content\/uploads\/2022\/10\/Reuniao-Ordinaria-no-079-Data-04-de-Maio-de-2021.pdf\" rel=\"noopener\"><span class=\"w-btn-label\">Reuni\u00e3o Ordin\u00e1ria n\u00b0 079 &#8211; Data 04\/05\/2021<\/span><i class=\"fal fa-download\"><\/i><\/a><\/div><div class=\"w-btn-wrapper align_none\"><a class=\"w-btn us-btn-style_2 us_custom_0432f9aa icon_atright\" target=\"_blank\" href=\"https:\/\/patria.org.br\/portaldatransparencia\/wp-content\/uploads\/2022\/10\/Reuniao-Extraordinaria-no-080-Data-21-de-Junho-de-2021.pdf\" rel=\"noopener\"><span class=\"w-btn-label\">Reuni\u00e3o Extraordin\u00e1ria n\u00b0 080 &#8211; Data 21\/06\/2021<\/span><i class=\"fal fa-download\"><\/i><\/a><\/div><div class=\"w-btn-wrapper align_none\"><a class=\"w-btn us-btn-style_2 us_custom_0432f9aa icon_atright\" target=\"_blank\" href=\"https:\/\/patria.org.br\/portaldatransparencia\/wp-content\/uploads\/2022\/10\/Reuniao-Ordinaria-no-081-Data-12-de-Agosto-de-2021.pdf\" rel=\"noopener\"><span class=\"w-btn-label\">Reuni\u00e3o Ordin\u00e1ria n\u00b0 081 &#8211; Data 12\/08\/2021<\/span><i class=\"fal fa-download\"><\/i><\/a><\/div><div class=\"w-btn-wrapper align_none\"><a class=\"w-btn us-btn-style_2 us_custom_0432f9aa icon_atright\" target=\"_blank\" href=\"https:\/\/patria.org.br\/portaldatransparencia\/wp-content\/uploads\/2022\/10\/Reuniao-Ordinaria-no-082-Data-04-de-Novembro-de-2021.pdf\" rel=\"noopener\"><span class=\"w-btn-label\">Reuni\u00e3o Ordin\u00e1ria n\u00b0 082 &#8211; Data 04\/11\/2021<\/span><i class=\"fal fa-download\"><\/i><\/a><\/div><div class=\"w-btn-wrapper align_none\"><a class=\"w-btn us-btn-style_2 us_custom_0432f9aa icon_atright\" target=\"_blank\" href=\"https:\/\/patria.org.br\/portaldatransparencia\/wp-content\/uploads\/2022\/10\/Reuniao-Extraordinaria-no-083-Data-23-de-Novembro-de-2021.pdf\" rel=\"noopener\"><span class=\"w-btn-label\">Reuni\u00e3o Extraordin\u00e1ria n\u00b0 083 &#8211; Data 23\/11\/2021<\/span><i class=\"fal fa-download\"><\/i><\/a><\/div><div class=\"w-separator size_custom\" style=\"height:2vh\"><\/div><div class=\"w-text us_custom_0c7acffa icon_atleft\"><span class=\"w-text-h\"><i class=\"fal fa-folder-open\"><\/i><span class=\"w-text-value\">Exerc\u00edcio 2022<\/span><\/span><\/div><div class=\"w-btn-wrapper align_none\"><a class=\"w-btn us-btn-style_2 us_custom_0432f9aa icon_atright\" target=\"_blank\" href=\"https:\/\/patria.org.br\/portaldatransparencia\/wp-content\/uploads\/2022\/09\/Reuniao-Ordinaria-no-084-Data-11-de-Fevereiro-de-2022.pdf\" rel=\"noopener\"><span class=\"w-btn-label\">Reuni\u00e3o Ordin\u00e1ria n\u00b0 084 &#8211; Data 11\/02\/2022<\/span><i class=\"fal fa-download\"><\/i><\/a><\/div><div class=\"w-btn-wrapper align_none\"><a class=\"w-btn us-btn-style_2 us_custom_0432f9aa icon_atright\" target=\"_blank\" href=\"https:\/\/patria.org.br\/portaldatransparencia\/wp-content\/uploads\/2022\/09\/Reuniao-Ordinaria-no-085-Data-11-de-Maio-de-2022.pdf\" rel=\"noopener\"><span class=\"w-btn-label\">Reuni\u00e3o Ordin\u00e1ria n\u00ba 085 &#8211; Data 11 de Maio de 2022<\/span><i class=\"fal fa-download\"><\/i><\/a><\/div><div class=\"w-btn-wrapper align_none\"><a class=\"w-btn us-btn-style_2 us_custom_0432f9aa icon_atright\" target=\"_blank\" href=\"https:\/\/patria.org.br\/portaldatransparencia\/wp-content\/uploads\/2022\/09\/Reuniao-Ordinaria-no-086-Data-18-de-Julho-de-2022.pdf\" rel=\"noopener\"><span class=\"w-btn-label\">Reuni\u00e3o Ordin\u00e1ria n\u00ba 086 &#8211; Data 18 de Julho de 2022<\/span><i class=\"fal fa-download\"><\/i><\/a><\/div><div class=\"w-btn-wrapper align_none\"><a class=\"w-btn us-btn-style_2 us_custom_0432f9aa icon_atright\" target=\"_blank\" href=\"https:\/\/patria.org.br\/portaldatransparencia\/wp-content\/uploads\/2023\/02\/Reuniao-Ordinaria-no-087_Data-11_11_2022.pdf\" rel=\"noopener\"><span class=\"w-btn-label\">Reuni\u00e3o Ordin\u00e1ria n\u00ba 087 &#8211; Data 11 de Novembro de 2022<\/span><i class=\"fal fa-download\"><\/i><\/a><\/div><div class=\"w-separator size_custom\" style=\"height:2vh\"><\/div><div class=\"w-text us_custom_0c7acffa icon_atleft\"><span class=\"w-text-h\"><i class=\"fal fa-folder-open\"><\/i><span class=\"w-text-value\">Exerc\u00edcio 2023<\/span><\/span><\/div><div class=\"w-btn-wrapper align_none\"><a class=\"w-btn us-btn-style_2 us_custom_0432f9aa icon_atright\" target=\"_blank\" href=\"https:\/\/patria.org.br\/portaldatransparencia\/wp-content\/uploads\/2023\/04\/Reuniao-Ordinaria-no-088_Data-15_02_2023.pdf\" rel=\"noopener\"><span class=\"w-btn-label\">Reuni\u00e3o Ordin\u00e1ria n\u00ba 088 &#8211; Data 15 de Fevereiro de 2023<\/span><i class=\"fal fa-download\"><\/i><\/a><\/div><div class=\"w-btn-wrapper align_none\"><a class=\"w-btn us-btn-style_2 us_custom_0432f9aa icon_atright\" target=\"_blank\" href=\"https:\/\/patria.org.br\/portaldatransparencia\/wp-content\/uploads\/2023\/05\/89_Ata_89_Registrada.pdf\" rel=\"noopener\"><span class=\"w-btn-label\">Reuni\u00e3o Ordin\u00e1ria n\u00ba 089 &#8211; Data 23 de Mar\u00e7o de 2023<\/span><i class=\"fal fa-download\"><\/i><\/a><\/div><div class=\"w-btn-wrapper align_none\"><a class=\"w-btn us-btn-style_2 us_custom_0432f9aa icon_atright\" target=\"_blank\" href=\"https:\/\/patria.org.br\/portaldatransparencia\/wp-content\/uploads\/2023\/07\/90_Ata_90_Registrada_parte-1.pdf\" rel=\"noopener\"><span class=\"w-btn-label\">Reuni\u00e3o Extraordin\u00e1ria n\u00ba 090 &#8211; Parte 1 &#8211; Data 30 de Maio de 2023<\/span><i class=\"fal fa-download\"><\/i><\/a><\/div><div class=\"w-btn-wrapper align_none\"><a class=\"w-btn us-btn-style_2 us_custom_0432f9aa icon_atright\" target=\"_blank\" href=\"https:\/\/patria.org.br\/portaldatransparencia\/wp-content\/uploads\/2023\/07\/90_Ata_90_Registrada_parte-2.pdf\" rel=\"noopener\"><span class=\"w-btn-label\">Reuni\u00e3o Extraordin\u00e1ria n\u00ba 090 &#8211; Parte 2 &#8211; Data 30 de Maio de 2023<\/span><i class=\"fal fa-download\"><\/i><\/a><\/div><div class=\"w-btn-wrapper align_none\"><a class=\"w-btn us-btn-style_2 us_custom_0432f9aa icon_atright\" target=\"_blank\" href=\"https:\/\/patria.org.br\/portaldatransparencia\/wp-content\/uploads\/2023\/07\/90_Ata_90_Registrada_parte-3.pdf\" rel=\"noopener\"><span class=\"w-btn-label\">Reuni\u00e3o Extraordin\u00e1ria n\u00ba 090 &#8211; Parte 3 &#8211; Data 30 de Maio de 2023<\/span><i class=\"fal fa-download\"><\/i><\/a><\/div><div class=\"w-btn-wrapper align_none\"><a class=\"w-btn us-btn-style_2 us_custom_0432f9aa icon_atright\" target=\"_blank\" href=\"https:\/\/patria.org.br\/portaldatransparencia\/wp-content\/uploads\/2023\/10\/91_Ata_91_Registrada.pdf\" rel=\"noopener\"><span class=\"w-btn-label\">Reuni\u00e3o Ordin\u00e1ria n\u00ba 091 &#8211; Data 17 de Agosto de 2023<\/span><i class=\"fal fa-download\"><\/i><\/a><\/div><div class=\"w-btn-wrapper align_none\"><a class=\"w-btn us-btn-style_2 us_custom_0432f9aa icon_atright\" target=\"_blank\" href=\"https:\/\/patria.org.br\/portaldatransparencia\/wp-content\/uploads\/2024\/03\/92_Ata_92_Registrada_compressed.pdf\" rel=\"noopener\"><span class=\"w-btn-label\">Reuni\u00e3o Ordin\u00e1ria n\u00ba 092 &#8211; Data 11 de Dezembro de 2023<\/span><i class=\"fal fa-download\"><\/i><\/a><\/div><div class=\"w-separator size_custom\" style=\"height:2vh\"><\/div><div class=\"w-text us_custom_0c7acffa icon_atleft\"><span class=\"w-text-h\"><i class=\"fal fa-folder-open\"><\/i><span class=\"w-text-value\">Exerc\u00edcio 2024<\/span><\/span><\/div><div class=\"w-btn-wrapper align_none\"><a class=\"w-btn us-btn-style_2 us_custom_0432f9aa icon_atright\" target=\"_blank\" href=\"https:\/\/patria.org.br\/portaldatransparencia\/wp-content\/uploads\/2024\/04\/93_Ata_93_Registrada.pdf\" rel=\"noopener\"><span class=\"w-btn-label\">Reuni\u00e3o Ordin\u00e1ria n\u00ba 093 &#8211; Data 26 de Janeiro de 2024<\/span><i class=\"fal fa-download\"><\/i><\/a><\/div><div class=\"w-btn-wrapper align_none\"><a class=\"w-btn us-btn-style_2 us_custom_0432f9aa icon_atright\" target=\"_blank\" href=\"https:\/\/patria.org.br\/portaldatransparencia\/wp-content\/uploads\/2024\/08\/94_Ata_94_Registrada.pdf\" rel=\"noopener\"><span class=\"w-btn-label\">Reuni\u00e3o Extraordin\u00e1ria n\u00ba 094 &#8211; Data 13 de Maio de 2024<\/span><i class=\"fal fa-download\"><\/i><\/a><\/div><div class=\"w-btn-wrapper align_none\"><a class=\"w-btn us-btn-style_2 us_custom_0432f9aa icon_atright\" target=\"_blank\" href=\"https:\/\/patria.org.br\/portaldatransparencia\/wp-content\/uploads\/2024\/09\/95_Ata_95_Registrada.pdf\" rel=\"noopener\"><span class=\"w-btn-label\">Reuni\u00e3o Ordin\u00e1ria n\u00ba 095 &#8211; Data 04 de Junho de 2024<\/span><i class=\"fal fa-download\"><\/i><\/a><\/div><div class=\"w-btn-wrapper align_none\"><a class=\"w-btn us-btn-style_2 us_custom_0432f9aa icon_atright\" target=\"_blank\" href=\"https:\/\/patria.org.br\/portaldatransparencia\/wp-content\/uploads\/2025\/02\/96_Ata_96_Registrada.pdf\" rel=\"noopener\"><span class=\"w-btn-label\">Reuni\u00e3o Extraordin\u00e1ria n\u00ba 096 &#8211; Data 06 de Setembro de 2024<\/span><i class=\"fal fa-download\"><\/i><\/a><\/div><div class=\"w-btn-wrapper align_none\"><a class=\"w-btn us-btn-style_2 us_custom_0432f9aa icon_atright\" target=\"_blank\" href=\"https:\/\/patria.org.br\/portaldatransparencia\/wp-content\/uploads\/2025\/02\/97_Ata_97_Registrada.pdf\" rel=\"noopener\"><span class=\"w-btn-label\">Reuni\u00e3o Ordin\u00e1ria n\u00ba 097 &#8211; Data 15 de Outubro de 2024<\/span><i class=\"fal fa-download\"><\/i><\/a><\/div><div class=\"w-btn-wrapper align_none\"><a class=\"w-btn us-btn-style_2 us_custom_0432f9aa icon_atright\" target=\"_blank\" href=\"https:\/\/patria.org.br\/portaldatransparencia\/wp-content\/uploads\/2025\/06\/98_Ata_98_Reuniao_Ordinaria.pdf\" rel=\"noopener\"><span class=\"w-btn-label\">Reuni\u00e3o Ordin\u00e1ria n\u00ba 098 &#8211; Data 10 de Dezembro de 2024<\/span><i class=\"fal fa-download\"><\/i><\/a><\/div><div class=\"w-separator size_custom\" style=\"height:2vh\"><\/div><div class=\"w-text us_custom_0c7acffa icon_atleft\"><span class=\"w-text-h\"><i class=\"fal fa-folder-open\"><\/i><span class=\"w-text-value\">Exerc\u00edcio 2025<\/span><\/span><\/div><div class=\"w-btn-wrapper align_none\"><a class=\"w-btn us-btn-style_2 us_custom_0432f9aa icon_atright\" target=\"_blank\" href=\"https:\/\/patria.org.br\/portaldatransparencia\/wp-content\/uploads\/2025\/06\/99_Ata_99_Reuniao_Ordinaria.pdf\" rel=\"noopener\"><span class=\"w-btn-label\">Reuni\u00e3o Ordin\u00e1ria n\u00ba 099 &#8211; Data 18 de Fevereiro de 2025<\/span><i class=\"fal fa-download\"><\/i><\/a><\/div><div class=\"w-btn-wrapper align_none\"><a class=\"w-btn us-btn-style_2 us_custom_0432f9aa icon_atright\" target=\"_blank\" href=\"https:\/\/patria.org.br\/portaldatransparencia\/wp-content\/uploads\/2025\/06\/100_Ata_100_Reuniao_Extraordinaria.pdf\" rel=\"noopener\"><span class=\"w-btn-label\">Reuni\u00e3o Ordin\u00e1ria n\u00ba 100 &#8211; Data 14 de Abril de 2025<\/span><i class=\"fal fa-download\"><\/i><\/a><\/div><div class=\"w-btn-wrapper align_none\"><a class=\"w-btn us-btn-style_2 us_custom_0432f9aa icon_atright\" target=\"_blank\" href=\"https:\/\/patria.org.br\/portaldatransparencia\/wp-content\/uploads\/2025\/08\/101_Ata-101_Reuniao-Ordinaria.pdf\" rel=\"noopener\"><span class=\"w-btn-label\">Reuni\u00e3o Ordin\u00e1ria n\u00ba 101 &#8211; Data 24 de Abril de 2025<\/span><i class=\"fal fa-download\"><\/i><\/a><\/div><div class=\"w-btn-wrapper align_none\"><a class=\"w-btn us-btn-style_2 us_custom_0432f9aa icon_atright\" target=\"_blank\" href=\"https:\/\/patria.org.br\/portaldatransparencia\/wp-content\/uploads\/2025\/12\/102_Ata-102_Reuniao_Extraordinaria.pdf\" rel=\"noopener\"><span class=\"w-btn-label\">Reuni\u00e3o Extraordin\u00e1ria n\u00ba 102 &#8211; Data 01 de Julho de 2025<\/span><i class=\"fal fa-download\"><\/i><\/a><\/div><div class=\"w-btn-wrapper align_none\"><a class=\"w-btn us-btn-style_2 us_custom_0432f9aa icon_atright\" target=\"_blank\" href=\"https:\/\/patria.org.br\/portaldatransparencia\/wp-content\/uploads\/2025\/12\/103_Ata_103_Reuniao_Ordinaria.pdf\" rel=\"noopener\"><span class=\"w-btn-label\">Reuni\u00e3o Ordin\u00e1ria n\u00ba 103 &#8211; Data 29 de Julho de 2025<\/span><i class=\"fal fa-download\"><\/i><\/a><\/div><div class=\"w-btn-wrapper align_none\"><a class=\"w-btn us-btn-style_2 us_custom_0432f9aa icon_atright\" target=\"_blank\" href=\"https:\/\/patria.org.br\/portaldatransparencia\/wp-content\/uploads\/2025\/11\/104_Ata_104_Re-Registrada.pdf\" rel=\"noopener\"><span class=\"w-btn-label\">Reuni\u00e3o Extraordin\u00e1ria n\u00ba 104 &#8211; Data 01 de Setembro de 2025<\/span><i class=\"fal fa-download\"><\/i><\/a><\/div><div class=\"w-btn-wrapper align_none\"><a class=\"w-btn us-btn-style_2 us_custom_0432f9aa icon_atright\" target=\"_blank\" href=\"https:\/\/patria.org.br\/portaldatransparencia\/wp-content\/uploads\/2025\/12\/105_Ata_105_Reuniao_Extraordinaria.pdf\" rel=\"noopener\"><span class=\"w-btn-label\">Reuni\u00e3o Extraordin\u00e1ria n\u00ba 105 &#8211; Data 07 de Outubro de 2025<\/span><i class=\"fal fa-download\"><\/i><\/a><\/div><\/div><\/div><\/div><\/div><\/div><\/div><\/div><\/section>\n","protected":false},"excerpt":{"rendered":"Atas do Conselho de CuradoresExerc\u00edcio 2019Reuni\u00e3o Ordin\u00e1ria n\u00b0 068 &#8211; Data 17\/07\/2019Reuni\u00e3o Ordin\u00e1ria n\u00b0 069 &#8211; Data 13\/11\/2019Exerc\u00edcio 2020Reuni\u00e3o Ordin\u00e1ria n\u00b0 070 &#8211; Data 31\/01\/2020Reuni\u00e3o Ordin\u00e1ria n\u00b0 071 &#8211; Data 29\/04\/2020Reuni\u00e3o Extraordin\u00e1ria n\u00b0 072 &#8211; Data 26\/05\/2020Reuni\u00e3o Ordin\u00e1ria n\u00b0 073 &#8211; Data 20\/07\/2020Reuni\u00e3o Extraordin\u00e1ria n\u00b0 074 &#8211; Data 11\/09\/2020Reuni\u00e3o Ordin\u00e1ria n\u00b0 075 &#8211; Data 05\/11\/2020Reuni\u00e3o...","protected":false},"author":1,"featured_media":0,"parent":0,"menu_order":0,"comment_status":"closed","ping_status":"closed","template":"","meta":{"footnotes":""},"class_list":["post-462","page","type-page","status-publish","hentry"],"_links":{"self":[{"href":"https:\/\/patria.org.br\/portaldatransparencia\/wp-json\/wp\/v2\/pages\/462","targetHints":{"allow":["GET"]}}],"collection":[{"href":"https:\/\/patria.org.br\/portaldatransparencia\/wp-json\/wp\/v2\/pages"}],"about":[{"href":"https:\/\/patria.org.br\/portaldatransparencia\/wp-json\/wp\/v2\/types\/page"}],"author":[{"embeddable":true,"href":"https:\/\/patria.org.br\/portaldatransparencia\/wp-json\/wp\/v2\/users\/1"}],"replies":[{"embeddable":true,"href":"https:\/\/patria.org.br\/portaldatransparencia\/wp-json\/wp\/v2\/comments?post=462"}],"version-history":[{"count":85,"href":"https:\/\/patria.org.br\/portaldatransparencia\/wp-json\/wp\/v2\/pages\/462\/revisions"}],"predecessor-version":[{"id":3788,"href":"https:\/\/patria.org.br\/portaldatransparencia\/wp-json\/wp\/v2\/pages\/462\/revisions\/3788"}],"wp:attachment":[{"href":"https:\/\/patria.org.br\/portaldatransparencia\/wp-json\/wp\/v2\/media?parent=462"}],"curies":[{"name":"wp","href":"https:\/\/api.w.org\/{rel}","templated":true}]}}