{"id":467,"date":"2022-10-05T08:11:40","date_gmt":"2022-10-05T11:11:40","guid":{"rendered":"https:\/\/patria.org.br\/portaldatransparencia\/?page_id=467"},"modified":"2025-07-28T09:44:03","modified_gmt":"2025-07-28T12:44:03","slug":"normas-internas","status":"publish","type":"page","link":"https:\/\/patria.org.br\/portaldatransparencia\/normas-internas\/","title":{"rendered":"Normas Internas"},"content":{"rendered":"<section class=\"l-section wpb_row us_custom_81e2deb4 has_text_color height_medium\"><div class=\"l-section-h i-cf\"><div class=\"g-cols vc_row via_grid cols_1 laptops-cols_inherit tablets-cols_inherit mobiles-cols_1 valign_top type_default stacking_default\"><div class=\"wpb_column vc_column_container\"><div class=\"vc_column-inner\"><h2 class=\"w-post-elm post_title us_custom_55db6c80 has_text_color entry-title color_link_inherit\">Normas Internas<\/h2><\/div><\/div><\/div><\/div><\/section><section class=\"l-section wpb_row height_medium width_full\"><div class=\"l-section-h i-cf\"><div class=\"g-cols vc_row via_grid cols_1 laptops-cols_inherit tablets-cols_inherit mobiles-cols_1 valign_top type_boxes stacking_default\"><div class=\"wpb_column vc_column_container\"><div class=\"vc_column-inner\"><div class=\"g-cols wpb_row via_grid cols_2 laptops-cols_inherit tablets-cols_inherit mobiles-cols_1 valign_top type_default stacking_default\"><div class=\"wpb_column vc_column_container\"><div class=\"vc_column-inner\"><div class=\"w-btn-wrapper align_none\"><a class=\"w-btn us-btn-style_2 us_custom_0432f9aa icon_atright\" target=\"_blank\" href=\"https:\/\/patria.org.br\/portaldatransparencia\/wp-content\/uploads\/2022\/09\/DA-NA-001-00-Manual-de-elaboracao-de-normas-e-procedimentos.pdf\" rel=\"noopener\"><span class=\"w-btn-label\">DA-NA-001-00-Manual de elaboracao de normas e procedimentos<\/span><i class=\"fal fa-download\"><\/i><\/a><\/div><div class=\"w-separator size_custom\" style=\"height:2vh\"><\/div><div class=\"w-btn-wrapper align_none\"><a class=\"w-btn us-btn-style_2 us_custom_0432f9aa icon_atright\" target=\"_blank\" href=\"https:\/\/patria.org.br\/portaldatransparencia\/wp-content\/uploads\/2024\/10\/058_Portaria_Codigo-de-Etica_Rev1-com-Norma-DP-NA-002-01-Manifesto.pdf\" rel=\"noopener\"><span class=\"w-btn-label\">DP-NA_002-01-Codigo de etica da Fundacao PATRIA<\/span><i class=\"fal fa-download\"><\/i><\/a><\/div><div class=\"w-separator size_custom\" style=\"height:2vh\"><\/div><div class=\"w-btn-wrapper align_none\"><a class=\"w-btn us-btn-style_2 us_custom_0432f9aa icon_atright\" target=\"_blank\" href=\"https:\/\/patria.org.br\/portaldatransparencia\/wp-content\/uploads\/2024\/10\/057_Portaria_Norma-de-DOA_Rev_2-com-Norma-DF-\u2013-NA-\u2013-003-\u2013-02-Manifesto.pdf\" rel=\"noopener\"><span class=\"w-btn-label\">DF-NA-003-02-Normas_para_Rateio_das_Despesas_Operacionais_e_Administrativas<\/span><i class=\"fal fa-download\"><\/i><\/a><\/div><div class=\"w-separator size_custom\" style=\"height:2vh\"><\/div><div class=\"w-btn-wrapper align_none\"><a class=\"w-btn us-btn-style_2 us_custom_0432f9aa icon_atright\" target=\"_blank\" href=\"https:\/\/patria.org.br\/portaldatransparencia\/wp-content\/uploads\/2022\/09\/DA-NA-004-00-Plano-de-Cargos-e-Salarios-da-Fundacao-PATRIA.pdf\" rel=\"noopener\"><span class=\"w-btn-label\">DA-NA-004-00-Plano de Cargos e Salarios da Fundacao PATRIA<\/span><i class=\"fal fa-download\"><\/i><\/a><\/div><div class=\"w-separator size_custom\" style=\"height:2vh\"><\/div><div class=\"w-btn-wrapper align_none\"><a class=\"w-btn us-btn-style_2 us_custom_0432f9aa icon_atright\" target=\"_blank\" href=\"https:\/\/patria.org.br\/portaldatransparencia\/wp-content\/uploads\/2022\/09\/DA-NA-005-00-Manual-de-Obtencao.pdf\" rel=\"noopener\"><span class=\"w-btn-label\">DA-NA-005-00-Manual de Obtencao<\/span><i class=\"fal fa-download\"><\/i><\/a><\/div><div class=\"w-separator size_custom\" style=\"height:2vh\"><\/div><div class=\"w-btn-wrapper align_none\"><a class=\"w-btn us-btn-style_2 us_custom_0432f9aa icon_atright\" target=\"_blank\" href=\"https:\/\/patria.org.br\/portaldatransparencia\/wp-content\/uploads\/2022\/09\/DA-NA-006-00-Normas-para-Concessao-de-Bolsas.pdf\" rel=\"noopener\"><span class=\"w-btn-label\">DA-NA-006-00-Normas para Concessao de Bolsas<\/span><i class=\"fal fa-download\"><\/i><\/a><\/div><div class=\"w-separator size_custom\" style=\"height:2vh\"><\/div><div class=\"w-btn-wrapper align_none\"><a class=\"w-btn us-btn-style_2 us_custom_0432f9aa icon_atright\" target=\"_blank\" href=\"https:\/\/patria.org.br\/portaldatransparencia\/wp-content\/uploads\/2022\/09\/DF-NA-008-00-Normas_de_Funcionamento_das_Gerencias_Financeira_e_Contabil.pdf\" rel=\"noopener\"><span class=\"w-btn-label\">DF-NA-008-00-Normas_de_Funcionamento_das_Gerencias_Financeira_e_Contabil<\/span><i class=\"fal fa-download\"><\/i><\/a><\/div><div class=\"w-separator size_custom\" style=\"height:2vh\"><\/div><div class=\"w-btn-wrapper align_none\"><a class=\"w-btn us-btn-style_2 us_custom_0432f9aa icon_atright\" target=\"_blank\" href=\"https:\/\/patria.org.br\/portaldatransparencia\/wp-content\/uploads\/2022\/09\/CF-NA-009-00-Normas-de-Funcionamento-do-Conselho-Fiscal.pdf\" rel=\"noopener\"><span class=\"w-btn-label\">CF-NA-009-00-Normas de Funcionamento do Conselho Fiscal<\/span><i class=\"fal fa-download\"><\/i><\/a><\/div><div class=\"w-separator size_custom\" style=\"height:2vh\"><\/div><\/div><\/div><div class=\"wpb_column vc_column_container\"><div class=\"vc_column-inner\"><div class=\"w-btn-wrapper align_none\"><a class=\"w-btn us-btn-style_2 us_custom_0432f9aa icon_atright\" target=\"_blank\" href=\"https:\/\/patria.org.br\/portaldatransparencia\/wp-content\/uploads\/2024\/12\/DA-NA-010-00-Norma-de-Seguranca-Corporativa.pdf\" rel=\"noopener\"><span class=\"w-btn-label\">DA &#8211; NA &#8211; 010 &#8211; 00 &#8211; Norma de Seguran\u00e7a Corporativa<\/span><i class=\"fal fa-download\"><\/i><\/a><\/div><div class=\"w-separator size_custom\" style=\"height:2vh\"><\/div><div class=\"w-btn-wrapper align_none\"><a class=\"w-btn us-btn-style_2 us_custom_0432f9aa icon_atright\" target=\"_blank\" href=\"https:\/\/patria.org.br\/portaldatransparencia\/wp-content\/uploads\/2024\/12\/DA-NA-011-00-Norma-de-Seguranca-das-Informacoes.pdf\" rel=\"noopener\"><span class=\"w-btn-label\">DA &#8211; NA &#8211; 011 &#8211; 00 &#8211; Norma de Seguran\u00e7a das Informa\u00e7\u00f5es<\/span><i class=\"fal fa-download\"><\/i><\/a><\/div><div class=\"w-separator size_custom\" style=\"height:2vh\"><\/div><div class=\"w-btn-wrapper align_none\"><a class=\"w-btn us-btn-style_2 us_custom_0432f9aa icon_atright\" target=\"_blank\" href=\"https:\/\/patria.org.br\/portaldatransparencia\/wp-content\/uploads\/2024\/12\/DA-NA-012-00-Norma-de-Seguranca-Organica.pdf\" rel=\"noopener\"><span class=\"w-btn-label\">DA &#8211; NA &#8211; 012 &#8211; 00 &#8211; Norma de Seguran\u00e7a Org\u00e2nica<\/span><i class=\"fal fa-download\"><\/i><\/a><\/div><div class=\"w-separator size_custom\" style=\"height:2vh\"><\/div><div class=\"w-btn-wrapper align_none\"><a class=\"w-btn us-btn-style_2 us_custom_0432f9aa icon_atright\" target=\"_blank\" href=\"https:\/\/patria.org.br\/portaldatransparencia\/wp-content\/uploads\/2025\/07\/DF-\u2013-PR-\u2013-013-\u2013-00_Procedimentos-para-Pagamentos-no-Banco-do-Brasil.pdf\" rel=\"noopener\"><span class=\"w-btn-label\">DF \u2013 PR \u2013 013 \u2013 00_Procedimentos para Pagamentos no Banco do Brasil<\/span><i class=\"fal fa-download\"><\/i><\/a><\/div><div class=\"w-separator size_custom\" style=\"height:2vh\"><\/div><div class=\"w-btn-wrapper align_none\"><a class=\"w-btn us-btn-style_2 us_custom_0432f9aa icon_atright\" target=\"_blank\" href=\"https:\/\/patria.org.br\/portaldatransparencia\/wp-content\/uploads\/2025\/07\/DA_NA_014_00_Norma_de_Protecao_de_Dados_Pessoais.pdf\" rel=\"noopener\"><span class=\"w-btn-label\">DA-NA-014-00-Norma de Prote\u00e7\u00e3o de Dados Pessoais<\/span><i class=\"fal fa-download\"><\/i><\/a><\/div><div class=\"w-separator size_custom\" style=\"height:2vh\"><\/div><div class=\"w-btn-wrapper align_none\"><a class=\"w-btn us-btn-style_2 us_custom_0432f9aa icon_atright\" target=\"_blank\" href=\"https:\/\/patria.org.br\/portaldatransparencia\/wp-content\/uploads\/2025\/07\/DT_PR_015_00_Procedimento_para_Negociacao_de_Acordos_Administrativos.pdf\" rel=\"noopener\"><span class=\"w-btn-label\">DT-PR-015-00-Procedimento para Negocia\u00e7\u00e3o de Acordos Administrativos<\/span><i class=\"fal fa-download\"><\/i><\/a><\/div><\/div><\/div><\/div><\/div><\/div><\/div><\/div><\/section>\n","protected":false},"excerpt":{"rendered":"Normas InternasDA-NA-001-00-Manual de elaboracao de normas e procedimentosDP-NA_002-01-Codigo de etica da Fundacao PATRIADF-NA-003-02-Normas_para_Rateio_das_Despesas_Operacionais_e_AdministrativasDA-NA-004-00-Plano de Cargos e Salarios da Fundacao PATRIADA-NA-005-00-Manual de ObtencaoDA-NA-006-00-Normas para Concessao de BolsasDF-NA-008-00-Normas_de_Funcionamento_das_Gerencias_Financeira_e_ContabilCF-NA-009-00-Normas de Funcionamento do Conselho FiscalDA &#8211; NA &#8211; 010 &#8211; 00 &#8211; Norma de Seguran\u00e7a CorporativaDA &#8211; NA &#8211; 011 &#8211; 00 &#8211; Norma de Seguran\u00e7a das Informa\u00e7\u00f5esDA &#8211;...","protected":false},"author":1,"featured_media":0,"parent":0,"menu_order":0,"comment_status":"closed","ping_status":"closed","template":"","meta":{"footnotes":""},"class_list":["post-467","page","type-page","status-publish","hentry"],"_links":{"self":[{"href":"https:\/\/patria.org.br\/portaldatransparencia\/wp-json\/wp\/v2\/pages\/467","targetHints":{"allow":["GET"]}}],"collection":[{"href":"https:\/\/patria.org.br\/portaldatransparencia\/wp-json\/wp\/v2\/pages"}],"about":[{"href":"https:\/\/patria.org.br\/portaldatransparencia\/wp-json\/wp\/v2\/types\/page"}],"author":[{"embeddable":true,"href":"https:\/\/patria.org.br\/portaldatransparencia\/wp-json\/wp\/v2\/users\/1"}],"replies":[{"embeddable":true,"href":"https:\/\/patria.org.br\/portaldatransparencia\/wp-json\/wp\/v2\/comments?post=467"}],"version-history":[{"count":39,"href":"https:\/\/patria.org.br\/portaldatransparencia\/wp-json\/wp\/v2\/pages\/467\/revisions"}],"predecessor-version":[{"id":3250,"href":"https:\/\/patria.org.br\/portaldatransparencia\/wp-json\/wp\/v2\/pages\/467\/revisions\/3250"}],"wp:attachment":[{"href":"https:\/\/patria.org.br\/portaldatransparencia\/wp-json\/wp\/v2\/media?parent=467"}],"curies":[{"name":"wp","href":"https:\/\/api.w.org\/{rel}","templated":true}]}}