{"id":471,"date":"2022-10-05T08:12:21","date_gmt":"2022-10-05T11:12:21","guid":{"rendered":"https:\/\/patria.org.br\/portaldatransparencia\/?page_id=471"},"modified":"2025-08-11T15:38:42","modified_gmt":"2025-08-11T18:38:42","slug":"relatorios-anuais-de-gestao","status":"publish","type":"page","link":"https:\/\/patria.org.br\/portaldatransparencia\/relatorios-anuais-de-gestao\/","title":{"rendered":"Relat\u00f3rios Anuais de Gest\u00e3o"},"content":{"rendered":"<section class=\"l-section wpb_row us_custom_81e2deb4 has_text_color height_medium\"><div class=\"l-section-h i-cf\"><div class=\"g-cols vc_row via_grid cols_1 laptops-cols_inherit tablets-cols_inherit mobiles-cols_1 valign_top type_default stacking_default\"><div class=\"wpb_column vc_column_container\"><div class=\"vc_column-inner\"><h2 class=\"w-post-elm post_title us_custom_55db6c80 has_text_color entry-title color_link_inherit\">Relat\u00f3rios Anuais de Gest\u00e3o<\/h2><\/div><\/div><\/div><\/div><\/section><section class=\"l-section wpb_row height_medium width_full\"><div class=\"l-section-h i-cf\"><div class=\"g-cols vc_row via_grid cols_1 laptops-cols_inherit tablets-cols_inherit mobiles-cols_1 valign_top type_boxes stacking_default\"><div class=\"wpb_column vc_column_container\"><div class=\"vc_column-inner\"><div class=\"g-cols wpb_row via_grid cols_4 laptops-cols_inherit tablets-cols_inherit mobiles-cols_1 valign_top type_default stacking_default\"><div class=\"wpb_column vc_column_container\"><div class=\"vc_column-inner\"><div class=\"w-btn-wrapper align_none\"><a class=\"w-btn us-btn-style_2 us_custom_0432f9aa icon_atright\" target=\"_blank\" href=\"https:\/\/patria.org.br\/portaldatransparencia\/wp-content\/uploads\/2022\/09\/RELATORIOS-ANUAIS-DE-GESTAO_2016.pdf\" rel=\"noopener\"><span class=\"w-btn-label\">RELAT\u00d3RIO ANUAL DE GEST\u00c3O_2016<\/span><i class=\"fal fa-download\"><\/i><\/a><\/div><div class=\"w-separator size_custom\" style=\"height:2vh\"><\/div><\/div><\/div><div class=\"wpb_column vc_column_container\"><div class=\"vc_column-inner\"><div class=\"w-btn-wrapper align_none\"><a class=\"w-btn us-btn-style_2 us_custom_0432f9aa icon_atright\" target=\"_blank\" href=\"https:\/\/patria.org.br\/portaldatransparencia\/wp-content\/uploads\/2022\/09\/RELATORIOS-ANUAIS-DE-GESTAO_2017.pdf\" rel=\"noopener\"><span class=\"w-btn-label\">RELAT\u00d3RIO ANUAL DE GEST\u00c3O_2017<\/span><i class=\"fal fa-download\"><\/i><\/a><\/div><div class=\"w-separator size_custom\" style=\"height:2vh\"><\/div><\/div><\/div><div class=\"wpb_column vc_column_container\"><div class=\"vc_column-inner\"><div class=\"w-btn-wrapper align_none\"><a class=\"w-btn us-btn-style_2 us_custom_0432f9aa icon_atright\" target=\"_blank\" href=\"https:\/\/patria.org.br\/portaldatransparencia\/wp-content\/uploads\/2022\/09\/RELATORIOS-ANUAIS-DE-GESTAO_2018.pdf\" rel=\"noopener\"><span class=\"w-btn-label\">RELAT\u00d3RIO ANUAL DE GEST\u00c3O_2018<\/span><i class=\"fal fa-download\"><\/i><\/a><\/div><div class=\"w-separator size_custom\" style=\"height:2vh\"><\/div><\/div><\/div><div class=\"wpb_column vc_column_container\"><div class=\"vc_column-inner\"><div class=\"w-btn-wrapper align_none\"><a class=\"w-btn us-btn-style_2 us_custom_0432f9aa icon_atright\" target=\"_blank\" href=\"https:\/\/patria.org.br\/portaldatransparencia\/wp-content\/uploads\/2022\/09\/RELATORIOS-ANUAIS-DE-GESTAO_2019.pdf\" rel=\"noopener\"><span class=\"w-btn-label\">RELAT\u00d3RIO ANUAL DE GEST\u00c3O_2019<\/span><i class=\"fal fa-download\"><\/i><\/a><\/div><\/div><\/div><\/div><div class=\"g-cols wpb_row via_grid cols_4 laptops-cols_inherit tablets-cols_inherit mobiles-cols_1 valign_top type_default stacking_default\"><div class=\"wpb_column vc_column_container\"><div class=\"vc_column-inner\"><div class=\"w-btn-wrapper align_none\"><a class=\"w-btn us-btn-style_2 us_custom_0432f9aa icon_atright\" target=\"_blank\" href=\"https:\/\/patria.org.br\/portaldatransparencia\/wp-content\/uploads\/2022\/09\/RELATORIOS-ANUAIS-DE-GESTAO_2020.pdf\" rel=\"noopener\"><span class=\"w-btn-label\">RELAT\u00d3RIO ANUAL DE GEST\u00c3O_2020<\/span><i class=\"fal fa-download\"><\/i><\/a><\/div><div class=\"w-separator size_custom\" style=\"height:2vh\"><\/div><\/div><\/div><div class=\"wpb_column vc_column_container\"><div class=\"vc_column-inner\"><div class=\"w-btn-wrapper align_none\"><a class=\"w-btn us-btn-style_2 us_custom_0432f9aa icon_atright\" target=\"_blank\" href=\"https:\/\/patria.org.br\/portaldatransparencia\/wp-content\/uploads\/2022\/09\/RELATORIOS-ANUAIS-DE-GESTAO_2021.pdf\" rel=\"noopener\"><span class=\"w-btn-label\">RELAT\u00d3RIO ANUAL DE GEST\u00c3O_2021<\/span><i class=\"fal fa-download\"><\/i><\/a><\/div><div class=\"w-separator size_custom\" style=\"height:2vh\"><\/div><\/div><\/div><div class=\"wpb_column vc_column_container\"><div class=\"vc_column-inner\"><div class=\"w-btn-wrapper align_none\"><a class=\"w-btn us-btn-style_2 us_custom_0432f9aa icon_atright\" target=\"_blank\" href=\"https:\/\/patria.org.br\/portaldatransparencia\/wp-content\/uploads\/2023\/07\/RELATORIO-GESTAO-2022-PARTE-1.pdf\" rel=\"noopener\"><span class=\"w-btn-label\">RELAT\u00d3RIO ANUAL DE GEST\u00c3O_2022 &#8211; PARTE 1<\/span><i class=\"fal fa-download\"><\/i><\/a><\/div><div class=\"w-separator size_custom\" style=\"height:2vh\"><\/div><\/div><\/div><div class=\"wpb_column vc_column_container\"><div class=\"vc_column-inner\"><div class=\"w-btn-wrapper align_none\"><a class=\"w-btn us-btn-style_2 us_custom_0432f9aa icon_atright\" target=\"_blank\" href=\"https:\/\/patria.org.br\/portaldatransparencia\/wp-content\/uploads\/2023\/07\/RELATORIO-GESTAO-2022-PARTE-2.pdf\" rel=\"noopener\"><span class=\"w-btn-label\">RELAT\u00d3RIO ANUAL DE GEST\u00c3O_2022 &#8211; PARTE 2<\/span><i class=\"fal fa-download\"><\/i><\/a><\/div><div class=\"w-separator size_custom\" style=\"height:2vh\"><\/div><\/div><\/div><\/div><div class=\"g-cols wpb_row via_grid cols_4 laptops-cols_inherit tablets-cols_inherit mobiles-cols_1 valign_top type_default stacking_default\"><div class=\"wpb_column vc_column_container\"><div class=\"vc_column-inner\"><div class=\"w-btn-wrapper align_none\"><a class=\"w-btn us-btn-style_2 us_custom_0432f9aa icon_atright\" target=\"_blank\" href=\"https:\/\/patria.org.br\/portaldatransparencia\/wp-content\/uploads\/2024\/06\/Relatorio-Anual-de-Gestao-Fundacao-PATRIA-2023_compressed.pdf\" rel=\"noopener\"><span class=\"w-btn-label\">RELAT\u00d3RIO ANUAL DE GEST\u00c3O_2023<\/span><i class=\"fal fa-download\"><\/i><\/a><\/div><div class=\"w-separator size_custom\" style=\"height:2vh\"><\/div><\/div><\/div><div class=\"wpb_column vc_column_container\"><div class=\"vc_column-inner\"><div class=\"w-btn-wrapper align_none\"><a class=\"w-btn us-btn-style_2 us_custom_0432f9aa icon_atright\" target=\"_blank\" href=\"https:\/\/patria.org.br\/portaldatransparencia\/wp-content\/uploads\/2025\/05\/RAG-2024-Final-DA-DF-DP-DT.pdf\" rel=\"noopener\"><span class=\"w-btn-label\">RELAT\u00d3RIO ANUAL DE GEST\u00c3O_2024<\/span><i class=\"fal fa-download\"><\/i><\/a><\/div><div class=\"w-separator size_custom\" style=\"height:2vh\"><\/div><\/div><\/div><div class=\"wpb_column vc_column_container\"><div class=\"vc_column-inner\"><\/div><\/div><div class=\"wpb_column vc_column_container\"><div class=\"vc_column-inner\"><\/div><\/div><\/div><\/div><\/div><\/div><\/div><\/section>\n","protected":false},"excerpt":{"rendered":"Relat\u00f3rios Anuais de Gest\u00e3oRELAT\u00d3RIO ANUAL DE GEST\u00c3O_2016RELAT\u00d3RIO ANUAL DE GEST\u00c3O_2017RELAT\u00d3RIO ANUAL DE GEST\u00c3O_2018RELAT\u00d3RIO ANUAL DE GEST\u00c3O_2019RELAT\u00d3RIO ANUAL DE GEST\u00c3O_2020RELAT\u00d3RIO ANUAL DE GEST\u00c3O_2021RELAT\u00d3RIO ANUAL DE GEST\u00c3O_2022 &#8211; PARTE 1RELAT\u00d3RIO ANUAL DE GEST\u00c3O_2022 &#8211; PARTE 2RELAT\u00d3RIO ANUAL DE GEST\u00c3O_2023RELAT\u00d3RIO ANUAL DE GEST\u00c3O_2024","protected":false},"author":1,"featured_media":0,"parent":0,"menu_order":0,"comment_status":"closed","ping_status":"closed","template":"","meta":{"footnotes":""},"class_list":["post-471","page","type-page","status-publish","hentry"],"_links":{"self":[{"href":"https:\/\/patria.org.br\/portaldatransparencia\/wp-json\/wp\/v2\/pages\/471","targetHints":{"allow":["GET"]}}],"collection":[{"href":"https:\/\/patria.org.br\/portaldatransparencia\/wp-json\/wp\/v2\/pages"}],"about":[{"href":"https:\/\/patria.org.br\/portaldatransparencia\/wp-json\/wp\/v2\/types\/page"}],"author":[{"embeddable":true,"href":"https:\/\/patria.org.br\/portaldatransparencia\/wp-json\/wp\/v2\/users\/1"}],"replies":[{"embeddable":true,"href":"https:\/\/patria.org.br\/portaldatransparencia\/wp-json\/wp\/v2\/comments?post=471"}],"version-history":[{"count":30,"href":"https:\/\/patria.org.br\/portaldatransparencia\/wp-json\/wp\/v2\/pages\/471\/revisions"}],"predecessor-version":[{"id":3353,"href":"https:\/\/patria.org.br\/portaldatransparencia\/wp-json\/wp\/v2\/pages\/471\/revisions\/3353"}],"wp:attachment":[{"href":"https:\/\/patria.org.br\/portaldatransparencia\/wp-json\/wp\/v2\/media?parent=471"}],"curies":[{"name":"wp","href":"https:\/\/api.w.org\/{rel}","templated":true}]}}