{"id":580,"date":"2022-10-05T15:17:15","date_gmt":"2022-10-05T18:17:15","guid":{"rendered":"https:\/\/patria.org.br\/portaldatransparencia\/?page_id=580"},"modified":"2025-08-20T15:44:34","modified_gmt":"2025-08-20T18:44:34","slug":"relatorios-de-desempenho","status":"publish","type":"page","link":"https:\/\/patria.org.br\/portaldatransparencia\/relatorios-de-desempenho\/","title":{"rendered":"Relat\u00f3rios de Desempenho"},"content":{"rendered":"<section class=\"l-section wpb_row us_custom_81e2deb4 has_text_color height_medium\"><div class=\"l-section-h i-cf\"><div class=\"g-cols vc_row via_grid cols_1 laptops-cols_inherit tablets-cols_inherit mobiles-cols_1 valign_top type_default stacking_default\"><div class=\"wpb_column vc_column_container\"><div class=\"vc_column-inner\"><h2 class=\"w-post-elm post_title us_custom_55db6c80 has_text_color entry-title color_link_inherit\">Relat\u00f3rios de Desempenho<\/h2><\/div><\/div><\/div><\/div><\/section><section class=\"l-section wpb_row height_medium width_full\"><div class=\"l-section-h i-cf\"><div class=\"g-cols vc_row via_grid cols_1 laptops-cols_inherit tablets-cols_inherit mobiles-cols_1 valign_top type_boxes stacking_default\"><div class=\"wpb_column vc_column_container\"><div class=\"vc_column-inner\"><div class=\"g-cols wpb_row via_grid cols_4 laptops-cols_inherit tablets-cols_inherit mobiles-cols_1 valign_top type_default stacking_default\"><div class=\"wpb_column vc_column_container\"><div class=\"vc_column-inner\"><div class=\"w-text us_custom_0c7acffa icon_atleft\"><span class=\"w-text-h\"><i class=\"fal fa-folder-open\"><\/i><span class=\"w-text-value\">2011<\/span><\/span><\/div><div class=\"w-separator size_custom\" style=\"height:2vh\"><\/div><div class=\"w-btn-wrapper align_none\"><a class=\"w-btn us-btn-style_2 us_custom_0432f9aa icon_atright\" target=\"_blank\" href=\"https:\/\/patria.org.br\/portaldatransparencia\/wp-content\/uploads\/2022\/10\/CTMSP_Relatorio-de-Avaliacao-de-Desempenho_2011.pdf\" rel=\"noopener\"><span class=\"w-btn-label\">CTMSP_Relat\u00f3rio de Avalia\u00e7\u00e3o de Desempenho_2011<\/span><i class=\"fal fa-download\"><\/i><\/a><\/div><div class=\"w-separator size_custom\" style=\"height:2vh\"><\/div><\/div><\/div><div class=\"wpb_column vc_column_container\"><div class=\"vc_column-inner\"><div class=\"w-text us_custom_0c7acffa icon_atleft\"><span class=\"w-text-h\"><i class=\"fal fa-folder-open\"><\/i><span class=\"w-text-value\">2012<\/span><\/span><\/div><div class=\"w-separator size_custom\" style=\"height:2vh\"><\/div><div class=\"w-btn-wrapper align_none\"><a class=\"w-btn us-btn-style_2 us_custom_0432f9aa icon_atright\" target=\"_blank\" href=\"https:\/\/patria.org.br\/portaldatransparencia\/wp-content\/uploads\/2022\/10\/CTMSP_Relatorio-de-Avaliacao-de-Desempenho_2012-e-2013.pdf\" rel=\"noopener\"><span class=\"w-btn-label\">CTMSP_Relat\u00f3rio de Avalia\u00e7\u00e3o de Desempenho_2012<\/span><i class=\"fal fa-download\"><\/i><\/a><\/div><div class=\"w-separator size_custom\" style=\"height:2vh\"><\/div><\/div><\/div><div class=\"wpb_column vc_column_container\"><div class=\"vc_column-inner\"><div class=\"w-text us_custom_0c7acffa icon_atleft\"><span class=\"w-text-h\"><i class=\"fal fa-folder-open\"><\/i><span class=\"w-text-value\">2013<\/span><\/span><\/div><div class=\"w-separator size_custom\" style=\"height:2vh\"><\/div><div class=\"w-btn-wrapper align_none\"><a class=\"w-btn us-btn-style_2 us_custom_0432f9aa icon_atright\" target=\"_blank\" href=\"https:\/\/patria.org.br\/portaldatransparencia\/wp-content\/uploads\/2022\/10\/CNEN_Relatorio-de-Desempenho_2013.pdf\" rel=\"noopener\"><span class=\"w-btn-label\">CNEN_Relat\u00f3rio de Desempenho_2013<\/span><i class=\"fal fa-download\"><\/i><\/a><\/div><div class=\"w-btn-wrapper align_none\"><a class=\"w-btn us-btn-style_2 us_custom_0432f9aa icon_atright\" target=\"_blank\" href=\"https:\/\/patria.org.br\/portaldatransparencia\/wp-content\/uploads\/2022\/10\/CTMSP_Relatorio-de-Avaliacao-de-Desempenho_2012-e-2013.pdf\" rel=\"noopener\"><span class=\"w-btn-label\">CTMSP_Relat\u00f3rio de Avalia\u00e7\u00e3o de Desempenho_2013<\/span><i class=\"fal fa-download\"><\/i><\/a><\/div><div class=\"w-separator size_custom\" style=\"height:2vh\"><\/div><\/div><\/div><div class=\"wpb_column vc_column_container\"><div class=\"vc_column-inner\"><div class=\"w-text us_custom_0c7acffa icon_atleft\"><span class=\"w-text-h\"><i class=\"fal fa-folder-open\"><\/i><span class=\"w-text-value\">2014<\/span><\/span><\/div><div class=\"w-separator size_custom\" style=\"height:2vh\"><\/div><div class=\"w-btn-wrapper align_none\"><a class=\"w-btn us-btn-style_2 us_custom_0432f9aa icon_atright\" target=\"_blank\" href=\"https:\/\/patria.org.br\/portaldatransparencia\/wp-content\/uploads\/2022\/10\/CNEN_Relatorio-de-Desempenho_Nov_2014_Jun_2015.pdf\" rel=\"noopener\"><span class=\"w-btn-label\">CNEN_Relat\u00f3rio de Desempenho_2014_2015<\/span><i class=\"fal fa-download\"><\/i><\/a><\/div><div class=\"w-separator size_custom\" style=\"height:2vh\"><\/div><\/div><\/div><\/div><div class=\"g-cols wpb_row via_grid cols_4 laptops-cols_inherit tablets-cols_inherit mobiles-cols_1 valign_top type_default stacking_default\"><div class=\"wpb_column vc_column_container\"><div class=\"vc_column-inner\"><div class=\"w-text us_custom_0c7acffa icon_atleft\"><span class=\"w-text-h\"><i class=\"fal fa-folder-open\"><\/i><span class=\"w-text-value\">2015<\/span><\/span><\/div><div class=\"w-separator size_custom\" style=\"height:2vh\"><\/div><div class=\"w-btn-wrapper align_none\"><a class=\"w-btn us-btn-style_2 us_custom_0432f9aa icon_atright\" target=\"_blank\" href=\"https:\/\/patria.org.br\/portaldatransparencia\/wp-content\/uploads\/2022\/10\/CNEN_Relatorio-de-Desempenho_Nov_2014_Jun_2015.pdf\" rel=\"noopener\"><span class=\"w-btn-label\">CNEN_Relat\u00f3rio de Desempenho_2014_2015<\/span><i class=\"fal fa-download\"><\/i><\/a><\/div><div class=\"w-btn-wrapper align_none\"><a class=\"w-btn us-btn-style_2 us_custom_0432f9aa icon_atright\" target=\"_blank\" href=\"https:\/\/patria.org.br\/portaldatransparencia\/wp-content\/uploads\/2022\/10\/CTMSP_Relatorio-de-Avaliacao-de-Desempenho_2015.pdf\" rel=\"noopener\"><span class=\"w-btn-label\">CTMSP_Relat\u00f3rio de Avalia\u00e7\u00e3o de Desempenho_2015<\/span><i class=\"fal fa-download\"><\/i><\/a><\/div><div class=\"w-separator size_custom\" style=\"height:2vh\"><\/div><\/div><\/div><div class=\"wpb_column vc_column_container\"><div class=\"vc_column-inner\"><div class=\"w-text us_custom_0c7acffa icon_atleft\"><span class=\"w-text-h\"><i class=\"fal fa-folder-open\"><\/i><span class=\"w-text-value\">2016<\/span><\/span><\/div><div class=\"w-separator size_custom\" style=\"height:2vh\"><\/div><div class=\"w-btn-wrapper align_none\"><a class=\"w-btn us-btn-style_2 us_custom_0432f9aa icon_atright\" target=\"_blank\" href=\"https:\/\/patria.org.br\/portaldatransparencia\/wp-content\/uploads\/2022\/10\/CNEN_Relatorio-de-Desempenho_2016_2017.pdf\" rel=\"noopener\"><span class=\"w-btn-label\">CNEN_Relat\u00f3rio de Desempenho_2016<\/span><i class=\"fal fa-download\"><\/i><\/a><\/div><div class=\"w-btn-wrapper align_none\"><a class=\"w-btn us-btn-style_2 us_custom_0432f9aa icon_atright\" target=\"_blank\" href=\"https:\/\/patria.org.br\/portaldatransparencia\/wp-content\/uploads\/2022\/10\/CTMSP_Relatorio-de-Avaliacao-de-Desempenho_2016.pdf\" rel=\"noopener\"><span class=\"w-btn-label\">CTMSP_Relat\u00f3rio de Avalia\u00e7\u00e3o de Desempenho_2016<\/span><i class=\"fal fa-download\"><\/i><\/a><\/div><div class=\"w-separator size_custom\" style=\"height:2vh\"><\/div><\/div><\/div><div class=\"wpb_column vc_column_container\"><div class=\"vc_column-inner\"><div class=\"w-text us_custom_0c7acffa icon_atleft\"><span class=\"w-text-h\"><i class=\"fal fa-folder-open\"><\/i><span class=\"w-text-value\">2017<\/span><\/span><\/div><div class=\"w-separator size_custom\" style=\"height:2vh\"><\/div><div class=\"w-btn-wrapper align_none\"><a class=\"w-btn us-btn-style_2 us_custom_0432f9aa icon_atright\" target=\"_blank\" href=\"https:\/\/patria.org.br\/portaldatransparencia\/wp-content\/uploads\/2022\/10\/AMAZUL_Relatorio-de-Desempenho_Set_2017-a-Jun_2018.pdf\" rel=\"noopener\"><span class=\"w-btn-label\">AMAZUL_Relat\u00f3rio de Desempenho_Set_2017 a Jun_2018<\/span><i class=\"fal fa-download\"><\/i><\/a><\/div><div class=\"w-btn-wrapper align_none\"><a class=\"w-btn us-btn-style_2 us_custom_0432f9aa icon_atright\" target=\"_blank\" href=\"https:\/\/patria.org.br\/portaldatransparencia\/wp-content\/uploads\/2022\/10\/CNEN_Relatorio-de-Desempenho_2016_2017.pdf\" rel=\"noopener\"><span class=\"w-btn-label\">CNEN_Relat\u00f3rio de Desempenho_2017<\/span><i class=\"fal fa-download\"><\/i><\/a><\/div><div class=\"w-btn-wrapper align_none\"><a class=\"w-btn us-btn-style_2 us_custom_0432f9aa icon_atright\" target=\"_blank\" href=\"https:\/\/patria.org.br\/portaldatransparencia\/wp-content\/uploads\/2022\/10\/CTMSP_Relatorio-de-Avaliacao-de-Desempenho_2017.pdf\" rel=\"noopener\"><span class=\"w-btn-label\">CTMSP_Relat\u00f3rio de Avalia\u00e7\u00e3o de Desempenho_2017<\/span><i class=\"fal fa-download\"><\/i><\/a><\/div><div class=\"w-separator size_custom\" style=\"height:2vh\"><\/div><\/div><\/div><div class=\"wpb_column vc_column_container\"><div class=\"vc_column-inner\"><div class=\"w-text us_custom_0c7acffa icon_atleft\"><span class=\"w-text-h\"><i class=\"fal fa-folder-open\"><\/i><span class=\"w-text-value\">2018<\/span><\/span><\/div><div class=\"w-separator size_custom\" style=\"height:2vh\"><\/div><div class=\"w-btn-wrapper align_none\"><a class=\"w-btn us-btn-style_2 us_custom_0432f9aa icon_atright\" target=\"_blank\" href=\"https:\/\/patria.org.br\/portaldatransparencia\/wp-content\/uploads\/2022\/10\/AMAZUL_Relatorio-de-Desempenho_Set_2017-a-Jun_2018.pdf\" rel=\"noopener\"><span class=\"w-btn-label\">AMAZUL_Relat\u00f3rio de Desempenho_Set_2017 a Jun_2018<\/span><i class=\"fal fa-download\"><\/i><\/a><\/div><div class=\"w-btn-wrapper align_none\"><a class=\"w-btn us-btn-style_2 us_custom_0432f9aa icon_atright\" target=\"_blank\" href=\"https:\/\/patria.org.br\/portaldatransparencia\/wp-content\/uploads\/2022\/10\/AMAZUL_Relatorio-de-Desempenho_Out_2018-a-Set_2019.pdf\" rel=\"noopener\"><span class=\"w-btn-label\">AMAZUL_Relat\u00f3rio de Desempenho_Out_2018 a Set_2019<\/span><i class=\"fal fa-download\"><\/i><\/a><\/div><div class=\"w-btn-wrapper align_none\"><a class=\"w-btn us-btn-style_2 us_custom_0432f9aa icon_atright\" target=\"_blank\" href=\"https:\/\/patria.org.br\/portaldatransparencia\/wp-content\/uploads\/2022\/10\/CNEN_Relatorio-de-Desempenho_2018.pdf\" rel=\"noopener\"><span class=\"w-btn-label\">CNEN_Relat\u00f3rio de Desempenho_2018<\/span><i class=\"fal fa-download\"><\/i><\/a><\/div><div class=\"w-separator size_custom\" style=\"height:2vh\"><\/div><\/div><\/div><\/div><div class=\"g-cols wpb_row via_grid cols_4 laptops-cols_inherit tablets-cols_inherit mobiles-cols_1 valign_top type_default stacking_default\"><div class=\"wpb_column vc_column_container\"><div class=\"vc_column-inner\"><div class=\"w-text us_custom_0c7acffa icon_atleft\"><span class=\"w-text-h\"><i class=\"fal fa-folder-open\"><\/i><span class=\"w-text-value\">2019<\/span><\/span><\/div><div class=\"w-separator size_custom\" style=\"height:2vh\"><\/div><div class=\"w-btn-wrapper align_none\"><a class=\"w-btn us-btn-style_2 us_custom_0432f9aa icon_atright\" target=\"_blank\" href=\"https:\/\/patria.org.br\/portaldatransparencia\/wp-content\/uploads\/2022\/10\/AMAZUL_Relatorio-de-Desempenho_Out_2018-a-Set_2019.pdf\" rel=\"noopener\"><span class=\"w-btn-label\">AMAZUL_Relat\u00f3rio de Desempenho_Out_2018 a Set_2019<\/span><i class=\"fal fa-download\"><\/i><\/a><\/div><div class=\"w-btn-wrapper align_none\"><a class=\"w-btn us-btn-style_2 us_custom_0432f9aa icon_atright\" target=\"_blank\" href=\"https:\/\/patria.org.br\/portaldatransparencia\/wp-content\/uploads\/2022\/10\/AMAZUL_Relatorio-de-Desempenho_Out_2019-a-Set_2020.pdf\" rel=\"noopener\"><span class=\"w-btn-label\">AMAZUL_Relat\u00f3rio de Desempenho_Out_2019 a Set_2020<\/span><i class=\"fal fa-download\"><\/i><\/a><\/div><div class=\"w-btn-wrapper align_none\"><a class=\"w-btn us-btn-style_2 us_custom_0432f9aa icon_atright\" target=\"_blank\" href=\"https:\/\/patria.org.br\/portaldatransparencia\/wp-content\/uploads\/2022\/10\/CNEN_Relatorio-de-Desempenho_2019_2020.pdf\" rel=\"noopener\"><span class=\"w-btn-label\">CNEN_Relat\u00f3rio de Desempenho_2019<\/span><i class=\"fal fa-download\"><\/i><\/a><\/div><div class=\"w-separator size_custom\" style=\"height:2vh\"><\/div><\/div><\/div><div class=\"wpb_column vc_column_container\"><div class=\"vc_column-inner\"><div class=\"w-text us_custom_0c7acffa icon_atleft\"><span class=\"w-text-h\"><i class=\"fal fa-folder-open\"><\/i><span class=\"w-text-value\">2020<\/span><\/span><\/div><div class=\"w-separator size_custom\" style=\"height:2vh\"><\/div><div class=\"w-btn-wrapper align_none\"><a class=\"w-btn us-btn-style_2 us_custom_0432f9aa icon_atright\" target=\"_blank\" href=\"https:\/\/patria.org.br\/portaldatransparencia\/wp-content\/uploads\/2022\/10\/AMAZUL_Relatorio-de-Desempenho_Out_2019-a-Set_2020.pdf\" rel=\"noopener\"><span class=\"w-btn-label\">AMAZUL_Relat\u00f3rio de Desempenho_Out_2019 a Set_2020<\/span><i class=\"fal fa-download\"><\/i><\/a><\/div><div class=\"w-btn-wrapper align_none\"><a class=\"w-btn us-btn-style_2 us_custom_0432f9aa icon_atright\" target=\"_blank\" href=\"https:\/\/patria.org.br\/portaldatransparencia\/wp-content\/uploads\/2022\/10\/CNEN_Relatorio-de-Desempenho_2019_2020.pdf\" rel=\"noopener\"><span class=\"w-btn-label\">CNEN_Relat\u00f3rio de Desempenho_2020<\/span><i class=\"fal fa-download\"><\/i><\/a><\/div><div class=\"w-btn-wrapper align_none\"><a class=\"w-btn us-btn-style_2 us_custom_0432f9aa icon_atright\" target=\"_blank\" href=\"https:\/\/patria.org.br\/portaldatransparencia\/wp-content\/uploads\/2022\/10\/CTMSP_Relatorio-de-Avaliacao-de-Desempenho_2020.pdf\" rel=\"noopener\"><span class=\"w-btn-label\">CTMSP_Relat\u00f3rio de Avalia\u00e7\u00e3o de Desempenho_2020<\/span><i class=\"fal fa-download\"><\/i><\/a><\/div><div class=\"w-separator size_custom\" style=\"height:2vh\"><\/div><\/div><\/div><div class=\"wpb_column vc_column_container\"><div class=\"vc_column-inner\"><div class=\"w-text us_custom_0c7acffa icon_atleft\"><span class=\"w-text-h\"><i class=\"fal fa-folder-open\"><\/i><span class=\"w-text-value\">2021<\/span><\/span><\/div><div class=\"w-separator size_custom\" style=\"height:2vh\"><\/div><div class=\"w-btn-wrapper align_none\"><a class=\"w-btn us-btn-style_2 us_custom_0432f9aa icon_atright\" target=\"_blank\" href=\"https:\/\/patria.org.br\/portaldatransparencia\/wp-content\/uploads\/2022\/10\/AMAZUL_Relatorio-de-Desempenho_2021.pdf\" rel=\"noopener\"><span class=\"w-btn-label\">AMAZUL_Relat\u00f3rio de Desempenho_2021<\/span><i class=\"fal fa-download\"><\/i><\/a><\/div><div class=\"w-btn-wrapper align_none\"><a class=\"w-btn us-btn-style_2 us_custom_0432f9aa icon_atright\" target=\"_blank\" href=\"https:\/\/patria.org.br\/portaldatransparencia\/wp-content\/uploads\/2022\/10\/CNEN_Relatorio-de-Desempenho_2021.pdf\" rel=\"noopener\"><span class=\"w-btn-label\">CNEN_Relat\u00f3rio de Desempenho_2021<\/span><i class=\"fal fa-download\"><\/i><\/a><\/div><div class=\"w-separator size_custom\" style=\"height:2vh\"><\/div><\/div><\/div><div class=\"wpb_column vc_column_container\"><div class=\"vc_column-inner\"><div class=\"w-text us_custom_0c7acffa icon_atleft\"><span class=\"w-text-h\"><i class=\"fal fa-folder-open\"><\/i><span class=\"w-text-value\">2022<\/span><\/span><\/div><div class=\"w-separator size_custom\" style=\"height:2vh\"><\/div><div class=\"w-btn-wrapper align_none\"><a class=\"w-btn us-btn-style_2 us_custom_0432f9aa icon_atright\" target=\"_blank\" href=\"https:\/\/patria.org.br\/portaldatransparencia\/wp-content\/uploads\/2023\/07\/AMAZUL_Relatorio-de-Avaliacao-de-Desempenho-Fundacao-PATRIA-2022.pdf\" rel=\"noopener\"><span class=\"w-btn-label\">AMAZUL_Relat\u00f3rio de Desempenho_2022<\/span><i class=\"fal fa-download\"><\/i><\/a><\/div><div class=\"w-btn-wrapper align_none\"><a class=\"w-btn us-btn-style_2 us_custom_0432f9aa icon_atright\" target=\"_blank\" href=\"https:\/\/patria.org.br\/portaldatransparencia\/wp-content\/uploads\/2023\/10\/SEI_CNEN-2062066-Relatorio-de-Desempenho.pdf\" rel=\"noopener\"><span class=\"w-btn-label\">CNEN_Relat\u00f3rio de Desempenho_2022<\/span><i class=\"fal fa-download\"><\/i><\/a><\/div><div class=\"w-separator size_custom\" style=\"height:2vh\"><\/div><\/div><\/div><\/div><div class=\"g-cols wpb_row via_grid cols_4 laptops-cols_inherit tablets-cols_inherit mobiles-cols_1 valign_top type_default stacking_default\"><div class=\"wpb_column vc_column_container\"><div class=\"vc_column-inner\"><div class=\"w-text us_custom_0c7acffa icon_atleft\"><span class=\"w-text-h\"><i class=\"fal fa-folder-open\"><\/i><span class=\"w-text-value\">2023<\/span><\/span><\/div><div class=\"w-separator size_custom\" style=\"height:2vh\"><\/div><div class=\"w-btn-wrapper align_none\"><a class=\"w-btn us-btn-style_2 us_custom_0432f9aa icon_atright\" target=\"_blank\" href=\"https:\/\/patria.org.br\/portaldatransparencia\/wp-content\/uploads\/2024\/06\/Rel_Desempenho_FPATRIA_CTMRJ.pdf\" rel=\"noopener\"><span class=\"w-btn-label\">CTMRJ_Relat\u00f3rio de Desempenho_2023<\/span><i class=\"fal fa-download\"><\/i><\/a><\/div><div class=\"w-btn-wrapper align_none\"><a class=\"w-btn us-btn-style_2 us_custom_0432f9aa icon_atright\" target=\"_blank\" href=\"https:\/\/patria.org.br\/portaldatransparencia\/wp-content\/uploads\/2024\/06\/IPqM-Relatorio-de-Avaliacao-de-Desempenho-da-Fundacao-PATRIA-2023.pdf\" rel=\"noopener\"><span class=\"w-btn-label\">IPqM_Relat\u00f3rio de Desempenho_2023<\/span><i class=\"fal fa-download\"><\/i><\/a><\/div><div class=\"w-btn-wrapper align_none\"><a class=\"w-btn us-btn-style_2 us_custom_0432f9aa icon_atright\" title=\"CONV\u00caNIO 20301\/2023-008\/00 (STERNA-SUP)\" target=\"_blank\" href=\"https:\/\/patria.org.br\/portaldatransparencia\/wp-content\/uploads\/2024\/08\/RELATORIO-DE-DESEMPENHO_AMAZUL_2023.pdf\" rel=\"noopener\"><span class=\"w-btn-label\">AMAZUL_Relat\u00f3rio de Desempenho_2023<\/span><i class=\"fal fa-download\"><\/i><\/a><\/div><div class=\"w-btn-wrapper align_none\"><a class=\"w-btn us-btn-style_2 us_custom_0432f9aa icon_atright\" target=\"_blank\" href=\"https:\/\/patria.org.br\/portaldatransparencia\/wp-content\/uploads\/2025\/05\/CNEN_Relatorio-de-Desempenho-PATRIA_2023-e-2024.pdf\" rel=\"noopener\"><span class=\"w-btn-label\">CNEN_Relat\u00f3rio de Desempenho_2023_2024<\/span><i class=\"fal fa-download\"><\/i><\/a><\/div><\/div><\/div><div class=\"wpb_column vc_column_container\"><div class=\"vc_column-inner\"><div class=\"w-text us_custom_0c7acffa icon_atleft\"><span class=\"w-text-h\"><i class=\"fal fa-folder-open\"><\/i><span class=\"w-text-value\">2024<\/span><\/span><\/div><div class=\"w-separator size_custom\" style=\"height:2vh\"><\/div><div class=\"w-btn-wrapper align_none\"><a class=\"w-btn us-btn-style_2 us_custom_0432f9aa icon_atright\" target=\"_blank\" href=\"https:\/\/patria.org.br\/portaldatransparencia\/wp-content\/uploads\/2025\/05\/CNEN_Relatorio-de-Desempenho-PATRIA_2023-e-2024.pdf\" rel=\"noopener\"><span class=\"w-btn-label\">CNEN_Relat\u00f3rio de Desempenho_2023_2024<\/span><i class=\"fal fa-download\"><\/i><\/a><\/div><div class=\"w-btn-wrapper align_none\"><a class=\"w-btn us-btn-style_2 us_custom_0432f9aa icon_atright\" target=\"_blank\" href=\"https:\/\/patria.org.br\/portaldatransparencia\/wp-content\/uploads\/2025\/07\/Avaliacao-de-PATRIA-2025-Compilado_assinado.pdf\" rel=\"noopener\"><span class=\"w-btn-label\">CASNAV_Relat\u00f3rio de Desempenho_2024<\/span><i class=\"fal fa-download\"><\/i><\/a><\/div><div class=\"w-btn-wrapper align_none\"><a class=\"w-btn us-btn-style_2 us_custom_0432f9aa icon_atright\" target=\"_blank\" href=\"https:\/\/patria.org.br\/portaldatransparencia\/wp-content\/uploads\/2025\/08\/IPqM-Relatorio-avaliacao-desempenho-PATRIA-2024.pdf.pdf\" rel=\"noopener\"><span class=\"w-btn-label\">IPqM_Relat\u00f3rio de Desempenho_2024<\/span><i class=\"fal fa-download\"><\/i><\/a><\/div><\/div><\/div><div class=\"wpb_column vc_column_container\"><div class=\"vc_column-inner\"><div class=\"w-text us_custom_0c7acffa icon_atleft\"><span class=\"w-text-h\"><i class=\"fal fa-folder-open\"><\/i><span class=\"w-text-value\">2025<\/span><\/span><\/div><div class=\"w-separator size_custom\" style=\"height:2vh\"><\/div><\/div><\/div><div class=\"wpb_column vc_column_container\"><div class=\"vc_column-inner\"><div class=\"w-text us_custom_0c7acffa icon_atleft\"><span class=\"w-text-h\"><i class=\"fal fa-folder-open\"><\/i><span class=\"w-text-value\">2026<\/span><\/span><\/div><div class=\"w-separator size_custom\" style=\"height:2vh\"><\/div><\/div><\/div><\/div><\/div><\/div><\/div><\/div><\/section>\n","protected":false},"excerpt":{"rendered":"Relat\u00f3rios de Desempenho2011CTMSP_Relat\u00f3rio de Avalia\u00e7\u00e3o de Desempenho_20112012CTMSP_Relat\u00f3rio de Avalia\u00e7\u00e3o de Desempenho_20122013CNEN_Relat\u00f3rio de Desempenho_2013CTMSP_Relat\u00f3rio de Avalia\u00e7\u00e3o de Desempenho_20132014CNEN_Relat\u00f3rio de Desempenho_2014_20152015CNEN_Relat\u00f3rio de Desempenho_2014_2015CTMSP_Relat\u00f3rio de Avalia\u00e7\u00e3o de Desempenho_20152016CNEN_Relat\u00f3rio de Desempenho_2016CTMSP_Relat\u00f3rio de Avalia\u00e7\u00e3o de Desempenho_20162017AMAZUL_Relat\u00f3rio de Desempenho_Set_2017 a Jun_2018CNEN_Relat\u00f3rio de Desempenho_2017CTMSP_Relat\u00f3rio de Avalia\u00e7\u00e3o de Desempenho_20172018AMAZUL_Relat\u00f3rio de Desempenho_Set_2017 a Jun_2018AMAZUL_Relat\u00f3rio de Desempenho_Out_2018 a Set_2019CNEN_Relat\u00f3rio de Desempenho_20182019AMAZUL_Relat\u00f3rio de Desempenho_Out_2018 a Set_2019AMAZUL_Relat\u00f3rio...","protected":false},"author":1,"featured_media":0,"parent":0,"menu_order":0,"comment_status":"closed","ping_status":"closed","template":"","meta":{"footnotes":""},"class_list":["post-580","page","type-page","status-publish","hentry"],"_links":{"self":[{"href":"https:\/\/patria.org.br\/portaldatransparencia\/wp-json\/wp\/v2\/pages\/580","targetHints":{"allow":["GET"]}}],"collection":[{"href":"https:\/\/patria.org.br\/portaldatransparencia\/wp-json\/wp\/v2\/pages"}],"about":[{"href":"https:\/\/patria.org.br\/portaldatransparencia\/wp-json\/wp\/v2\/types\/page"}],"author":[{"embeddable":true,"href":"https:\/\/patria.org.br\/portaldatransparencia\/wp-json\/wp\/v2\/users\/1"}],"replies":[{"embeddable":true,"href":"https:\/\/patria.org.br\/portaldatransparencia\/wp-json\/wp\/v2\/comments?post=580"}],"version-history":[{"count":45,"href":"https:\/\/patria.org.br\/portaldatransparencia\/wp-json\/wp\/v2\/pages\/580\/revisions"}],"predecessor-version":[{"id":3420,"href":"https:\/\/patria.org.br\/portaldatransparencia\/wp-json\/wp\/v2\/pages\/580\/revisions\/3420"}],"wp:attachment":[{"href":"https:\/\/patria.org.br\/portaldatransparencia\/wp-json\/wp\/v2\/media?parent=580"}],"curies":[{"name":"wp","href":"https:\/\/api.w.org\/{rel}","templated":true}]}}