{"id":647,"date":"2022-11-03T11:41:05","date_gmt":"2022-11-03T14:41:05","guid":{"rendered":"https:\/\/patria.org.br\/portaldatransparencia\/?page_id=647"},"modified":"2022-11-03T11:50:46","modified_gmt":"2022-11-03T14:50:46","slug":"resultado-de-pesquisa-de-avaliacao-de-clientes","status":"publish","type":"page","link":"https:\/\/patria.org.br\/portaldatransparencia\/resultado-de-pesquisa-de-avaliacao-de-clientes\/","title":{"rendered":"Resultado de Pesquisa de Avalia\u00e7\u00e3o de Clientes"},"content":{"rendered":"<section class=\"l-section wpb_row us_custom_81e2deb4 has_text_color height_medium\"><div class=\"l-section-h i-cf\"><div class=\"g-cols vc_row via_grid cols_1 laptops-cols_inherit tablets-cols_inherit mobiles-cols_1 valign_top type_default stacking_default\"><div class=\"wpb_column vc_column_container\"><div class=\"vc_column-inner\"><h2 class=\"w-post-elm post_title us_custom_55db6c80 has_text_color entry-title color_link_inherit\">Resultado de Pesquisa de Avalia\u00e7\u00e3o de Clientes<\/h2><\/div><\/div><\/div><\/div><\/section><section class=\"l-section wpb_row height_medium width_full\"><div class=\"l-section-h i-cf\"><div class=\"g-cols vc_row via_grid cols_1 laptops-cols_inherit tablets-cols_inherit mobiles-cols_1 valign_top type_boxes stacking_default\"><div class=\"wpb_column vc_column_container\"><div class=\"vc_column-inner\"><div class=\"g-cols wpb_row via_grid cols_4 laptops-cols_inherit tablets-cols_inherit mobiles-cols_1 valign_top type_default stacking_default\"><div class=\"wpb_column vc_column_container\"><div class=\"vc_column-inner\"><div class=\"w-btn-wrapper align_none\"><a class=\"w-btn us-btn-style_2 us_custom_0432f9aa icon_atright\" target=\"_blank\" href=\"https:\/\/patria.org.br\/portaldatransparencia\/wp-content\/uploads\/2022\/11\/Pesquisa-2022-Resultado-para-Site.pdf\" rel=\"noopener\"><span class=\"w-btn-label\">RESULTADO DE PESQUISA DE AVALIA\u00c7\u00c3O DE CLIENTES_2022<\/span><i class=\"fal fa-download\"><\/i><\/a><\/div><div class=\"w-separator size_custom\" style=\"height:2vh\"><\/div><\/div><\/div><\/div><\/div><\/div><\/div><\/div><\/section>\n","protected":false},"excerpt":{"rendered":"Resultado de Pesquisa de Avalia\u00e7\u00e3o de ClientesRESULTADO DE PESQUISA DE AVALIA\u00c7\u00c3O DE CLIENTES_2022","protected":false},"author":1,"featured_media":0,"parent":0,"menu_order":0,"comment_status":"closed","ping_status":"closed","template":"","meta":{"footnotes":""},"class_list":["post-647","page","type-page","status-publish","hentry"],"_links":{"self":[{"href":"https:\/\/patria.org.br\/portaldatransparencia\/wp-json\/wp\/v2\/pages\/647","targetHints":{"allow":["GET"]}}],"collection":[{"href":"https:\/\/patria.org.br\/portaldatransparencia\/wp-json\/wp\/v2\/pages"}],"about":[{"href":"https:\/\/patria.org.br\/portaldatransparencia\/wp-json\/wp\/v2\/types\/page"}],"author":[{"embeddable":true,"href":"https:\/\/patria.org.br\/portaldatransparencia\/wp-json\/wp\/v2\/users\/1"}],"replies":[{"embeddable":true,"href":"https:\/\/patria.org.br\/portaldatransparencia\/wp-json\/wp\/v2\/comments?post=647"}],"version-history":[{"count":4,"href":"https:\/\/patria.org.br\/portaldatransparencia\/wp-json\/wp\/v2\/pages\/647\/revisions"}],"predecessor-version":[{"id":654,"href":"https:\/\/patria.org.br\/portaldatransparencia\/wp-json\/wp\/v2\/pages\/647\/revisions\/654"}],"wp:attachment":[{"href":"https:\/\/patria.org.br\/portaldatransparencia\/wp-json\/wp\/v2\/media?parent=647"}],"curies":[{"name":"wp","href":"https:\/\/api.w.org\/{rel}","templated":true}]}}